{"id":2806,"date":"2023-04-22T13:05:06","date_gmt":"2023-04-22T11:05:06","guid":{"rendered":"https:\/\/restaurantprovence.sk\/?page_id=2806"},"modified":"2025-11-28T12:56:49","modified_gmt":"2025-11-28T11:56:49","slug":"ranajky-a-polievky","status":"publish","type":"page","link":"https:\/\/restaurantprovence.sk\/?page_id=2806","title":{"rendered":"Ra\u0148ajky a Polievky"},"content":{"rendered":"\n<h2 class=\"has-text-align-center\">Ra\u0148ajky<\/h2>\n\n\n\n<p class=\"has-text-align-center\">Breakfast \/ \u015aniadanie<\/p>\n\n\n\n<figure class=\"wp-block-table is-style-stripes\"><table><tbody><tr><td><strong>Trojvaje\u010dn\u00fd hamandeggs<\/strong><br><em>Ham and three eggs \/ Boczek z jajkiem<\/em><\/td><td>5,00 \u20ac<\/td><\/tr><tr><td><strong>Pra\u017eenica z troch vajec<\/strong><br><em>Three mashed eggs with onion \/ Jajecznica na cebulce<\/em><\/td><td>4,50 \u20ac<\/td><\/tr><tr><td><strong>Varen\u00e9 p\u00e1rky (3 ks) s&nbsp;hor\u010dicou<\/strong><br><em>Three boiled sausages with mustard<br>Gotowane par\u00f3wki z musztard\u0105<\/em><\/td><td>4,50 \u20ac<\/td><\/tr><tr><td><strong>Dom\u00e1ci jablkov\u00fd kol\u00e1\u010d s k\u00e1vou pod\u013ea v\u00fdberu<\/strong><br><em>Homemade apple pie with coffee<br>Domowa szarlotka z jab\u0142kami z wybran\u0105 przez Ciebie kaw\u0105<\/em><\/td><td>5,50 \u20ac<\/td><\/tr><\/tbody><\/table><\/figure>\n\n\n\n<div style=\"height:10px\" aria-hidden=\"true\" class=\"wp-block-spacer\"><\/div>\n\n\n\n<h2 class=\"has-text-align-center\">Polievky<\/h2>\n\n\n\n<p class=\"has-text-align-center\">Soups \/ Zupa<br>(0,3l)<\/p>\n\n\n\n<figure class=\"wp-block-table is-style-stripes\"><table><tbody><tr><td><strong>Slepa\u010d\u00ed v\u00fdvar s dom\u00e1cou cestovinou a zeleninou (1,9)<\/strong><br><em>Chicken broth with home-made pasta and vegetables<br>Ros\u00f3\u0142 z kury z domowym makaronem i warzywami<\/em><\/td><td>3,70 \u20ac<\/td><\/tr><tr><td><strong>Cesnakov\u00e1 so syrom a dom\u00e1cimi krut\u00f3nmi (1,7,9)<\/strong><br><em>Garlic soup with cheese and croutons<br>Zupa czosnkowa z domowymi grzankami<\/em><\/td><td>3,90 \u20ac<\/td><\/tr><tr><td><strong>Fazu\u013eov\u00e1 polievka (1,7)<\/strong><br><em>Bean Soup<br>Zupa Fasolowa<\/em><\/td><td>4,50 \u20ac<\/td><\/tr><\/tbody><\/table><\/figure>\n","protected":false},"excerpt":{"rendered":"<p>Ra\u0148ajky Breakfast \/ \u015aniadanie Trojvaje\u010dn\u00fd hamandeggsHam and three eggs \/ Boczek z jajkiem 5,00 \u20ac Pra\u017eenica z troch vajecThree mashed eggs with onion \/ Jajecznica na cebulce 4,50 \u20ac Varen\u00e9 p\u00e1rky (3 ks) s&nbsp;hor\u010dicouThree boiled sausages with mustardGotowane par\u00f3wki z musztard\u0105 4,50 \u20ac Dom\u00e1ci jablkov\u00fd kol\u00e1\u010d s k\u00e1vou pod\u013ea v\u00fdberuHomemade apple pie with coffeeDomowa szarlotka [&hellip;]<\/p>\n","protected":false},"author":1,"featured_media":0,"parent":0,"menu_order":0,"comment_status":"closed","ping_status":"closed","template":"","meta":[],"yoast_head":"<!-- This site is optimized with the Yoast SEO plugin v19.14 - https:\/\/yoast.com\/wordpress\/plugins\/seo\/ -->\n<title>Ra\u0148ajky a Polievky - Restaurant Provence<\/title>\n<meta name=\"robots\" content=\"index, follow, max-snippet:-1, max-image-preview:large, max-video-preview:-1\" \/>\n<link rel=\"canonical\" href=\"https:\/\/restaurantprovence.sk\/?page_id=2806\" \/>\n<meta property=\"og:locale\" content=\"cs_CZ\" \/>\n<meta property=\"og:type\" content=\"article\" \/>\n<meta property=\"og:title\" content=\"Ra\u0148ajky a Polievky - Restaurant Provence\" \/>\n<meta property=\"og:description\" content=\"Ra\u0148ajky Breakfast \/ \u015aniadanie Trojvaje\u010dn\u00fd hamandeggsHam and three eggs \/ Boczek z jajkiem 5,00 \u20ac Pra\u017eenica z troch vajecThree mashed eggs with onion \/ Jajecznica na cebulce 4,50 \u20ac Varen\u00e9 p\u00e1rky (3 ks) s&nbsp;hor\u010dicouThree boiled sausages with mustardGotowane par\u00f3wki z musztard\u0105 4,50 \u20ac Dom\u00e1ci jablkov\u00fd kol\u00e1\u010d s k\u00e1vou pod\u013ea v\u00fdberuHomemade apple pie with coffeeDomowa szarlotka [&hellip;]\" \/>\n<meta property=\"og:url\" content=\"https:\/\/restaurantprovence.sk\/?page_id=2806\" \/>\n<meta property=\"og:site_name\" content=\"Restaurant Provence\" \/>\n<meta property=\"article:modified_time\" content=\"2025-11-28T11:56:49+00:00\" \/>\n<meta name=\"twitter:card\" content=\"summary_large_image\" \/>\n<meta name=\"twitter:label1\" content=\"Odhadovan\u00e1 doba \u010dten\u00ed\" \/>\n\t<meta name=\"twitter:data1\" content=\"1 minuta\" \/>\n<script type=\"application\/ld+json\" class=\"yoast-schema-graph\">{\"@context\":\"https:\/\/schema.org\",\"@graph\":[{\"@type\":\"WebPage\",\"@id\":\"https:\/\/restaurantprovence.sk\/?page_id=2806\",\"url\":\"https:\/\/restaurantprovence.sk\/?page_id=2806\",\"name\":\"Ra\u0148ajky a Polievky - Restaurant Provence\",\"isPartOf\":{\"@id\":\"https:\/\/restaurantprovence.sk\/#website\"},\"datePublished\":\"2023-04-22T11:05:06+00:00\",\"dateModified\":\"2025-11-28T11:56:49+00:00\",\"breadcrumb\":{\"@id\":\"https:\/\/restaurantprovence.sk\/?page_id=2806#breadcrumb\"},\"inLanguage\":\"cs\",\"potentialAction\":[{\"@type\":\"ReadAction\",\"target\":[\"https:\/\/restaurantprovence.sk\/?page_id=2806\"]}]},{\"@type\":\"BreadcrumbList\",\"@id\":\"https:\/\/restaurantprovence.sk\/?page_id=2806#breadcrumb\",\"itemListElement\":[{\"@type\":\"ListItem\",\"position\":1,\"name\":\"Domovsk\u00e1 str\u00e1nka\",\"item\":\"https:\/\/restaurantprovence.sk\/\"},{\"@type\":\"ListItem\",\"position\":2,\"name\":\"Ra\u0148ajky a Polievky\"}]},{\"@type\":\"WebSite\",\"@id\":\"https:\/\/restaurantprovence.sk\/#website\",\"url\":\"https:\/\/restaurantprovence.sk\/\",\"name\":\"Restaurant Provence\",\"description\":\"Web o restauraci Restaurant Provence, nach\u00e1zej\u00edc\u00ed se u Predmier. Odpo\u010d\u00edvadlo Predmier.\",\"publisher\":{\"@id\":\"https:\/\/restaurantprovence.sk\/#organization\"},\"potentialAction\":[{\"@type\":\"SearchAction\",\"target\":{\"@type\":\"EntryPoint\",\"urlTemplate\":\"https:\/\/restaurantprovence.sk\/?s={search_term_string}\"},\"query-input\":\"required name=search_term_string\"}],\"inLanguage\":\"cs\"},{\"@type\":\"Organization\",\"@id\":\"https:\/\/restaurantprovence.sk\/#organization\",\"name\":\"Restaurant Provence\",\"url\":\"https:\/\/restaurantprovence.sk\/\",\"logo\":{\"@type\":\"ImageObject\",\"inLanguage\":\"cs\",\"@id\":\"https:\/\/restaurantprovence.sk\/#\/schema\/logo\/image\/\",\"url\":\"https:\/\/restaurantprovence.sk\/wp-content\/uploads\/2023\/02\/logo.png\",\"contentUrl\":\"https:\/\/restaurantprovence.sk\/wp-content\/uploads\/2023\/02\/logo.png\",\"width\":767,\"height\":430,\"caption\":\"Restaurant Provence\"},\"image\":{\"@id\":\"https:\/\/restaurantprovence.sk\/#\/schema\/logo\/image\/\"}}]}<\/script>\n<!-- \/ Yoast SEO plugin. -->","yoast_head_json":{"title":"Ra\u0148ajky a Polievky - Restaurant Provence","robots":{"index":"index","follow":"follow","max-snippet":"max-snippet:-1","max-image-preview":"max-image-preview:large","max-video-preview":"max-video-preview:-1"},"canonical":"https:\/\/restaurantprovence.sk\/?page_id=2806","og_locale":"cs_CZ","og_type":"article","og_title":"Ra\u0148ajky a Polievky - Restaurant Provence","og_description":"Ra\u0148ajky Breakfast \/ \u015aniadanie Trojvaje\u010dn\u00fd hamandeggsHam and three eggs \/ Boczek z jajkiem 5,00 \u20ac Pra\u017eenica z troch vajecThree mashed eggs with onion \/ Jajecznica na cebulce 4,50 \u20ac Varen\u00e9 p\u00e1rky (3 ks) s&nbsp;hor\u010dicouThree boiled sausages with mustardGotowane par\u00f3wki z musztard\u0105 4,50 \u20ac Dom\u00e1ci jablkov\u00fd kol\u00e1\u010d s k\u00e1vou pod\u013ea v\u00fdberuHomemade apple pie with coffeeDomowa szarlotka [&hellip;]","og_url":"https:\/\/restaurantprovence.sk\/?page_id=2806","og_site_name":"Restaurant Provence","article_modified_time":"2025-11-28T11:56:49+00:00","twitter_card":"summary_large_image","twitter_misc":{"Odhadovan\u00e1 doba \u010dten\u00ed":"1 minuta"},"schema":{"@context":"https:\/\/schema.org","@graph":[{"@type":"WebPage","@id":"https:\/\/restaurantprovence.sk\/?page_id=2806","url":"https:\/\/restaurantprovence.sk\/?page_id=2806","name":"Ra\u0148ajky a Polievky - Restaurant Provence","isPartOf":{"@id":"https:\/\/restaurantprovence.sk\/#website"},"datePublished":"2023-04-22T11:05:06+00:00","dateModified":"2025-11-28T11:56:49+00:00","breadcrumb":{"@id":"https:\/\/restaurantprovence.sk\/?page_id=2806#breadcrumb"},"inLanguage":"cs","potentialAction":[{"@type":"ReadAction","target":["https:\/\/restaurantprovence.sk\/?page_id=2806"]}]},{"@type":"BreadcrumbList","@id":"https:\/\/restaurantprovence.sk\/?page_id=2806#breadcrumb","itemListElement":[{"@type":"ListItem","position":1,"name":"Domovsk\u00e1 str\u00e1nka","item":"https:\/\/restaurantprovence.sk\/"},{"@type":"ListItem","position":2,"name":"Ra\u0148ajky a Polievky"}]},{"@type":"WebSite","@id":"https:\/\/restaurantprovence.sk\/#website","url":"https:\/\/restaurantprovence.sk\/","name":"Restaurant Provence","description":"Web o restauraci Restaurant Provence, nach\u00e1zej\u00edc\u00ed se u Predmier. Odpo\u010d\u00edvadlo Predmier.","publisher":{"@id":"https:\/\/restaurantprovence.sk\/#organization"},"potentialAction":[{"@type":"SearchAction","target":{"@type":"EntryPoint","urlTemplate":"https:\/\/restaurantprovence.sk\/?s={search_term_string}"},"query-input":"required name=search_term_string"}],"inLanguage":"cs"},{"@type":"Organization","@id":"https:\/\/restaurantprovence.sk\/#organization","name":"Restaurant Provence","url":"https:\/\/restaurantprovence.sk\/","logo":{"@type":"ImageObject","inLanguage":"cs","@id":"https:\/\/restaurantprovence.sk\/#\/schema\/logo\/image\/","url":"https:\/\/restaurantprovence.sk\/wp-content\/uploads\/2023\/02\/logo.png","contentUrl":"https:\/\/restaurantprovence.sk\/wp-content\/uploads\/2023\/02\/logo.png","width":767,"height":430,"caption":"Restaurant Provence"},"image":{"@id":"https:\/\/restaurantprovence.sk\/#\/schema\/logo\/image\/"}}]}},"_links":{"self":[{"href":"https:\/\/restaurantprovence.sk\/index.php?rest_route=\/wp\/v2\/pages\/2806"}],"collection":[{"href":"https:\/\/restaurantprovence.sk\/index.php?rest_route=\/wp\/v2\/pages"}],"about":[{"href":"https:\/\/restaurantprovence.sk\/index.php?rest_route=\/wp\/v2\/types\/page"}],"author":[{"embeddable":true,"href":"https:\/\/restaurantprovence.sk\/index.php?rest_route=\/wp\/v2\/users\/1"}],"replies":[{"embeddable":true,"href":"https:\/\/restaurantprovence.sk\/index.php?rest_route=%2Fwp%2Fv2%2Fcomments&post=2806"}],"version-history":[{"count":6,"href":"https:\/\/restaurantprovence.sk\/index.php?rest_route=\/wp\/v2\/pages\/2806\/revisions"}],"predecessor-version":[{"id":2894,"href":"https:\/\/restaurantprovence.sk\/index.php?rest_route=\/wp\/v2\/pages\/2806\/revisions\/2894"}],"wp:attachment":[{"href":"https:\/\/restaurantprovence.sk\/index.php?rest_route=%2Fwp%2Fv2%2Fmedia&parent=2806"}],"curies":[{"name":"wp","href":"https:\/\/api.w.org\/{rel}","templated":true}]}}