{"id":2790,"date":"2023-04-22T12:40:23","date_gmt":"2023-04-22T10:40:23","guid":{"rendered":"https:\/\/restaurantprovence.sk\/?page_id=2790"},"modified":"2025-11-28T12:58:16","modified_gmt":"2025-11-28T11:58:16","slug":"kava-a-napoje","status":"publish","type":"page","link":"https:\/\/restaurantprovence.sk\/?page_id=2790","title":{"rendered":"K\u00e1va a n\u00e1poje"},"content":{"rendered":"\n<h2 class=\"has-text-align-center\">Tepl\u00e9 n\u00e1poje<\/h2>\n\n\n\n<p class=\"has-text-align-center\"><strong>Ochutnajte na\u0161u skvel\u00fa k\u00e1vu, Arabica \/ Robusta<\/strong><\/p>\n\n\n\n<figure class=\"wp-block-table is-style-stripes\"><table><tbody><tr><td>7 g<\/td><td>Espresso<\/td><td>2,50 \u20ac<\/td><\/tr><tr><td>13 g<\/td><td>Double Espresso<\/td><td>4,50 \u20ac<\/td><\/tr><tr><td>7 g<\/td><td>Cappuccino<\/td><td>2,90 \u20ac<\/td><\/tr><tr><td>7 g<\/td><td>Latte Macchiato<\/td><td>2,90 \u20ac<\/td><\/tr><tr><td>7 g<\/td><td>Tureck\u00e1 k\u00e1va<\/td><td>2,50 \u20ac<\/td><\/tr><tr><td>7 g<\/td><td>Videnesk\u00e1 k\u00e1va<\/td><td>2,90 \u20ac<\/td><\/tr><tr><td>2 g<\/td><td>\u010caj pod\u013ea ponuky<\/td><td>2,90 \u20ac<\/td><\/tr><\/tbody><\/table><\/figure>\n\n\n\n<div style=\"height:10px\" aria-hidden=\"true\" class=\"wp-block-spacer\"><\/div>\n\n\n\n<h2 class=\"has-text-align-center\">Nealkoholick\u00e9 n\u00e1poje<\/h2>\n\n\n\n<figure class=\"wp-block-table is-style-stripes\"><table><tbody><tr><td>0,33 l<\/td><td>Coca-Cola<\/td><td>2,90 \u20ac<\/td><\/tr><tr><td>0,33 l<\/td><td>Coca-Cola Zero<\/td><td>2,90 \u20ac<\/td><\/tr><tr><td>0,33 l<\/td><td>Fanta<\/td><td>2,60 \u20ac<\/td><\/tr><tr><td>0,30 l<\/td><td>Natura<\/td><td>2,00 \u20ac<\/td><\/tr><tr><td>0,25 l<\/td><td>Kinley Tonic<\/td><td>2,50 \u20ac<\/td><\/tr><tr><td>0,25 l<\/td><td>Cappy d\u017e\u00fas<\/td><td>2,50 \u20ac<\/td><\/tr><tr><td>0,33 l<\/td><td>R\u00f6merquelle<\/td><td>2,60 \u20ac<\/td><\/tr><tr><td>0,30 l<\/td><td>Limon\u00e1da<\/td><td>3,50 \u20ac<\/td><\/tr><tr><td>0,50 l<\/td><td>Limon\u00e1da<\/td><td>4,50 \u20ac<\/td><\/tr><tr><td>0,30 l<\/td><td>S\u00f3da<\/td><td>1,00 \u20ac<\/td><\/tr><tr><td>0,50 l<\/td><td>Birell svetl\u00fd<\/td><td>2,50 \u20ac<\/td><\/tr><tr><td><\/td><td><\/td><td><\/td><\/tr><tr><td><\/td><td><\/td><td><\/td><\/tr><\/tbody><\/table><\/figure>\n\n\n\n<div style=\"height:10px\" aria-hidden=\"true\" class=\"wp-block-spacer\"><\/div>\n","protected":false},"excerpt":{"rendered":"<p>Tepl\u00e9 n\u00e1poje Ochutnajte na\u0161u skvel\u00fa k\u00e1vu, Arabica \/ Robusta 7 g Espresso 2,50 \u20ac 13 g Double Espresso 4,50 \u20ac 7 g Cappuccino 2,90 \u20ac 7 g Latte Macchiato 2,90 \u20ac 7 g Tureck\u00e1 k\u00e1va 2,50 \u20ac 7 g Videnesk\u00e1 k\u00e1va 2,90 \u20ac 2 g \u010caj pod\u013ea ponuky 2,90 \u20ac Nealkoholick\u00e9 n\u00e1poje 0,33 l Coca-Cola [&hellip;]<\/p>\n","protected":false},"author":1,"featured_media":0,"parent":0,"menu_order":0,"comment_status":"closed","ping_status":"closed","template":"","meta":[],"yoast_head":"<!-- This site is optimized with the Yoast SEO plugin v19.14 - https:\/\/yoast.com\/wordpress\/plugins\/seo\/ -->\n<title>K\u00e1va a n\u00e1poje - Restaurant Provence<\/title>\n<meta name=\"robots\" content=\"index, follow, max-snippet:-1, max-image-preview:large, max-video-preview:-1\" \/>\n<link rel=\"canonical\" href=\"https:\/\/restaurantprovence.sk\/?page_id=2790\" \/>\n<meta property=\"og:locale\" content=\"cs_CZ\" \/>\n<meta property=\"og:type\" content=\"article\" \/>\n<meta property=\"og:title\" content=\"K\u00e1va a n\u00e1poje - Restaurant Provence\" \/>\n<meta property=\"og:description\" content=\"Tepl\u00e9 n\u00e1poje Ochutnajte na\u0161u skvel\u00fa k\u00e1vu, Arabica \/ Robusta 7 g Espresso 2,50 \u20ac 13 g Double Espresso 4,50 \u20ac 7 g Cappuccino 2,90 \u20ac 7 g Latte Macchiato 2,90 \u20ac 7 g Tureck\u00e1 k\u00e1va 2,50 \u20ac 7 g Videnesk\u00e1 k\u00e1va 2,90 \u20ac 2 g \u010caj pod\u013ea ponuky 2,90 \u20ac Nealkoholick\u00e9 n\u00e1poje 0,33 l Coca-Cola [&hellip;]\" \/>\n<meta property=\"og:url\" content=\"https:\/\/restaurantprovence.sk\/?page_id=2790\" \/>\n<meta property=\"og:site_name\" content=\"Restaurant Provence\" \/>\n<meta property=\"article:modified_time\" content=\"2025-11-28T11:58:16+00:00\" \/>\n<meta name=\"twitter:card\" content=\"summary_large_image\" \/>\n<meta name=\"twitter:label1\" content=\"Odhadovan\u00e1 doba \u010dten\u00ed\" \/>\n\t<meta name=\"twitter:data1\" content=\"1 minuta\" \/>\n<script type=\"application\/ld+json\" class=\"yoast-schema-graph\">{\"@context\":\"https:\/\/schema.org\",\"@graph\":[{\"@type\":\"WebPage\",\"@id\":\"https:\/\/restaurantprovence.sk\/?page_id=2790\",\"url\":\"https:\/\/restaurantprovence.sk\/?page_id=2790\",\"name\":\"K\u00e1va a n\u00e1poje - Restaurant Provence\",\"isPartOf\":{\"@id\":\"https:\/\/restaurantprovence.sk\/#website\"},\"datePublished\":\"2023-04-22T10:40:23+00:00\",\"dateModified\":\"2025-11-28T11:58:16+00:00\",\"breadcrumb\":{\"@id\":\"https:\/\/restaurantprovence.sk\/?page_id=2790#breadcrumb\"},\"inLanguage\":\"cs\",\"potentialAction\":[{\"@type\":\"ReadAction\",\"target\":[\"https:\/\/restaurantprovence.sk\/?page_id=2790\"]}]},{\"@type\":\"BreadcrumbList\",\"@id\":\"https:\/\/restaurantprovence.sk\/?page_id=2790#breadcrumb\",\"itemListElement\":[{\"@type\":\"ListItem\",\"position\":1,\"name\":\"Domovsk\u00e1 str\u00e1nka\",\"item\":\"https:\/\/restaurantprovence.sk\/\"},{\"@type\":\"ListItem\",\"position\":2,\"name\":\"K\u00e1va a n\u00e1poje\"}]},{\"@type\":\"WebSite\",\"@id\":\"https:\/\/restaurantprovence.sk\/#website\",\"url\":\"https:\/\/restaurantprovence.sk\/\",\"name\":\"Restaurant Provence\",\"description\":\"Web o restauraci Restaurant Provence, nach\u00e1zej\u00edc\u00ed se u Predmier. Odpo\u010d\u00edvadlo Predmier.\",\"publisher\":{\"@id\":\"https:\/\/restaurantprovence.sk\/#organization\"},\"potentialAction\":[{\"@type\":\"SearchAction\",\"target\":{\"@type\":\"EntryPoint\",\"urlTemplate\":\"https:\/\/restaurantprovence.sk\/?s={search_term_string}\"},\"query-input\":\"required name=search_term_string\"}],\"inLanguage\":\"cs\"},{\"@type\":\"Organization\",\"@id\":\"https:\/\/restaurantprovence.sk\/#organization\",\"name\":\"Restaurant Provence\",\"url\":\"https:\/\/restaurantprovence.sk\/\",\"logo\":{\"@type\":\"ImageObject\",\"inLanguage\":\"cs\",\"@id\":\"https:\/\/restaurantprovence.sk\/#\/schema\/logo\/image\/\",\"url\":\"https:\/\/restaurantprovence.sk\/wp-content\/uploads\/2023\/02\/logo.png\",\"contentUrl\":\"https:\/\/restaurantprovence.sk\/wp-content\/uploads\/2023\/02\/logo.png\",\"width\":767,\"height\":430,\"caption\":\"Restaurant Provence\"},\"image\":{\"@id\":\"https:\/\/restaurantprovence.sk\/#\/schema\/logo\/image\/\"}}]}<\/script>\n<!-- \/ Yoast SEO plugin. -->","yoast_head_json":{"title":"K\u00e1va a n\u00e1poje - Restaurant Provence","robots":{"index":"index","follow":"follow","max-snippet":"max-snippet:-1","max-image-preview":"max-image-preview:large","max-video-preview":"max-video-preview:-1"},"canonical":"https:\/\/restaurantprovence.sk\/?page_id=2790","og_locale":"cs_CZ","og_type":"article","og_title":"K\u00e1va a n\u00e1poje - Restaurant Provence","og_description":"Tepl\u00e9 n\u00e1poje Ochutnajte na\u0161u skvel\u00fa k\u00e1vu, Arabica \/ Robusta 7 g Espresso 2,50 \u20ac 13 g Double Espresso 4,50 \u20ac 7 g Cappuccino 2,90 \u20ac 7 g Latte Macchiato 2,90 \u20ac 7 g Tureck\u00e1 k\u00e1va 2,50 \u20ac 7 g Videnesk\u00e1 k\u00e1va 2,90 \u20ac 2 g \u010caj pod\u013ea ponuky 2,90 \u20ac Nealkoholick\u00e9 n\u00e1poje 0,33 l Coca-Cola [&hellip;]","og_url":"https:\/\/restaurantprovence.sk\/?page_id=2790","og_site_name":"Restaurant Provence","article_modified_time":"2025-11-28T11:58:16+00:00","twitter_card":"summary_large_image","twitter_misc":{"Odhadovan\u00e1 doba \u010dten\u00ed":"1 minuta"},"schema":{"@context":"https:\/\/schema.org","@graph":[{"@type":"WebPage","@id":"https:\/\/restaurantprovence.sk\/?page_id=2790","url":"https:\/\/restaurantprovence.sk\/?page_id=2790","name":"K\u00e1va a n\u00e1poje - Restaurant Provence","isPartOf":{"@id":"https:\/\/restaurantprovence.sk\/#website"},"datePublished":"2023-04-22T10:40:23+00:00","dateModified":"2025-11-28T11:58:16+00:00","breadcrumb":{"@id":"https:\/\/restaurantprovence.sk\/?page_id=2790#breadcrumb"},"inLanguage":"cs","potentialAction":[{"@type":"ReadAction","target":["https:\/\/restaurantprovence.sk\/?page_id=2790"]}]},{"@type":"BreadcrumbList","@id":"https:\/\/restaurantprovence.sk\/?page_id=2790#breadcrumb","itemListElement":[{"@type":"ListItem","position":1,"name":"Domovsk\u00e1 str\u00e1nka","item":"https:\/\/restaurantprovence.sk\/"},{"@type":"ListItem","position":2,"name":"K\u00e1va a n\u00e1poje"}]},{"@type":"WebSite","@id":"https:\/\/restaurantprovence.sk\/#website","url":"https:\/\/restaurantprovence.sk\/","name":"Restaurant Provence","description":"Web o restauraci Restaurant Provence, nach\u00e1zej\u00edc\u00ed se u Predmier. Odpo\u010d\u00edvadlo Predmier.","publisher":{"@id":"https:\/\/restaurantprovence.sk\/#organization"},"potentialAction":[{"@type":"SearchAction","target":{"@type":"EntryPoint","urlTemplate":"https:\/\/restaurantprovence.sk\/?s={search_term_string}"},"query-input":"required name=search_term_string"}],"inLanguage":"cs"},{"@type":"Organization","@id":"https:\/\/restaurantprovence.sk\/#organization","name":"Restaurant Provence","url":"https:\/\/restaurantprovence.sk\/","logo":{"@type":"ImageObject","inLanguage":"cs","@id":"https:\/\/restaurantprovence.sk\/#\/schema\/logo\/image\/","url":"https:\/\/restaurantprovence.sk\/wp-content\/uploads\/2023\/02\/logo.png","contentUrl":"https:\/\/restaurantprovence.sk\/wp-content\/uploads\/2023\/02\/logo.png","width":767,"height":430,"caption":"Restaurant Provence"},"image":{"@id":"https:\/\/restaurantprovence.sk\/#\/schema\/logo\/image\/"}}]}},"_links":{"self":[{"href":"https:\/\/restaurantprovence.sk\/index.php?rest_route=\/wp\/v2\/pages\/2790"}],"collection":[{"href":"https:\/\/restaurantprovence.sk\/index.php?rest_route=\/wp\/v2\/pages"}],"about":[{"href":"https:\/\/restaurantprovence.sk\/index.php?rest_route=\/wp\/v2\/types\/page"}],"author":[{"embeddable":true,"href":"https:\/\/restaurantprovence.sk\/index.php?rest_route=\/wp\/v2\/users\/1"}],"replies":[{"embeddable":true,"href":"https:\/\/restaurantprovence.sk\/index.php?rest_route=%2Fwp%2Fv2%2Fcomments&post=2790"}],"version-history":[{"count":6,"href":"https:\/\/restaurantprovence.sk\/index.php?rest_route=\/wp\/v2\/pages\/2790\/revisions"}],"predecessor-version":[{"id":2896,"href":"https:\/\/restaurantprovence.sk\/index.php?rest_route=\/wp\/v2\/pages\/2790\/revisions\/2896"}],"wp:attachment":[{"href":"https:\/\/restaurantprovence.sk\/index.php?rest_route=%2Fwp%2Fv2%2Fmedia&parent=2790"}],"curies":[{"name":"wp","href":"https:\/\/api.w.org\/{rel}","templated":true}]}}