{"id":2537,"date":"2022-12-26T11:04:45","date_gmt":"2022-12-26T10:04:45","guid":{"rendered":"https:\/\/restaurantprovence.sk\/?page_id=2537"},"modified":"2023-02-23T08:46:29","modified_gmt":"2023-02-23T07:46:29","slug":"kde-nas-najdete","status":"publish","type":"page","link":"https:\/\/restaurantprovence.sk\/?page_id=2537","title":{"rendered":"Kde n\u00e1s n\u00e1jdete?"},"content":{"rendered":"\n<p class=\"has-text-align-center\">Aktu\u00e1lne prev\u00e1dzkujeme dve rodinn\u00e9 re\u0161taur\u00e1cie na dia\u013enici D1 v\u00a0Predmieri v\u00a0oboch smeroch. Radi<br>V\u00e1s priv\u00edtame v\u00a0\u00fatulnom prostred\u00ed s\u00a0n\u00e1dychom Provence.<\/p>\n\n\n\n<p class=\"has-text-align-center\">Miesto a trasu k\u00a0n\u00e1m v\u00e1m uk\u00e1\u017ee zobrazenie ni\u017e\u0161ie.<\/p>\n\n\n\n<div class=\"is-layout-flex wp-container-5 wp-block-columns\">\n<div class=\"is-layout-flow wp-block-column\" style=\"flex-basis:100%\">\n<div class=\"is-layout-constrained wp-block-group\"><div class=\"wp-block-group__inner-container\">\n<div class=\"is-layout-flex wp-container-2 wp-block-columns\">\n<div class=\"is-layout-flow wp-block-column\" style=\"flex-basis:100%\">\n<iframe style=\"display:block;margin: 0 auto;border:0\" src=\"https:\/\/www.google.com\/maps\/embed?pb=!1m18!1m12!1m3!1d2606.9021193022645!2d18.519968996819504!3d49.20241635589891!2m3!1f0!2f0!3f0!3m2!1i1024!2i768!4f13.1!3m3!1m2!1s0x471461946071001d%3A0x85bfb4660f836d9d!2sRestaurant%20Provence%201!5e0!3m2!1scs!2scz!4v1672049136221!5m2!1scs!2scz\" allowfullscreen=\"\" loading=\"lazy\" referrerpolicy=\"no-referrer-when-downgrade\" width=\"900\" height=\"450\"><\/iframe>\n<br>\n<iframe style=\"display:block;margin: 0 auto;border:0\" src=\"https:\/\/www.google.com\/maps\/embed?pb=!1m18!1m12!1m3!1d2606.9021193022645!2d18.519968996819504!3d49.20241635589891!2m3!1f0!2f0!3f0!3m2!1i1024!2i768!4f13.1!3m3!1m2!1s0x0%3A0x948eaf2d5357f47f!2sRestaurant%20Provence%202!5e0!3m2!1scs!2scz!4v1672049155268!5m2!1scs!2scz\" allowfullscreen=\"\" loading=\"lazy\" referrerpolicy=\"no-referrer-when-downgrade\" width=\"900\" height=\"450\"><\/iframe>\n<\/div>\n<\/div>\n<\/div><\/div>\n<\/div>\n<\/div>\n","protected":false},"excerpt":{"rendered":"<p>Aktu\u00e1lne prev\u00e1dzkujeme dve rodinn\u00e9 re\u0161taur\u00e1cie na dia\u013enici D1 v\u00a0Predmieri v\u00a0oboch smeroch. RadiV\u00e1s priv\u00edtame v\u00a0\u00fatulnom prostred\u00ed s\u00a0n\u00e1dychom Provence. Miesto a trasu k\u00a0n\u00e1m v\u00e1m uk\u00e1\u017ee zobrazenie ni\u017e\u0161ie.<\/p>\n","protected":false},"author":1,"featured_media":0,"parent":0,"menu_order":0,"comment_status":"closed","ping_status":"closed","template":"","meta":[],"yoast_head":"<!-- This site is optimized with the Yoast SEO plugin v19.14 - https:\/\/yoast.com\/wordpress\/plugins\/seo\/ -->\n<title>Kde n\u00e1s n\u00e1jdete? - Restaurant Provence<\/title>\n<meta name=\"robots\" content=\"index, follow, max-snippet:-1, max-image-preview:large, max-video-preview:-1\" \/>\n<link rel=\"canonical\" href=\"https:\/\/restaurantprovence.sk\/?page_id=2537\" \/>\n<meta property=\"og:locale\" content=\"cs_CZ\" \/>\n<meta property=\"og:type\" content=\"article\" \/>\n<meta property=\"og:title\" content=\"Kde n\u00e1s n\u00e1jdete? - Restaurant Provence\" \/>\n<meta property=\"og:description\" content=\"Aktu\u00e1lne prev\u00e1dzkujeme dve rodinn\u00e9 re\u0161taur\u00e1cie na dia\u013enici D1 v\u00a0Predmieri v\u00a0oboch smeroch. RadiV\u00e1s priv\u00edtame v\u00a0\u00fatulnom prostred\u00ed s\u00a0n\u00e1dychom Provence. Miesto a trasu k\u00a0n\u00e1m v\u00e1m uk\u00e1\u017ee zobrazenie ni\u017e\u0161ie.\" \/>\n<meta property=\"og:url\" content=\"https:\/\/restaurantprovence.sk\/?page_id=2537\" \/>\n<meta property=\"og:site_name\" content=\"Restaurant Provence\" \/>\n<meta property=\"article:modified_time\" content=\"2023-02-23T07:46:29+00:00\" \/>\n<meta name=\"twitter:card\" content=\"summary_large_image\" \/>\n<meta name=\"twitter:label1\" content=\"Odhadovan\u00e1 doba \u010dten\u00ed\" \/>\n\t<meta name=\"twitter:data1\" content=\"1 minuta\" \/>\n<script type=\"application\/ld+json\" class=\"yoast-schema-graph\">{\"@context\":\"https:\/\/schema.org\",\"@graph\":[{\"@type\":\"WebPage\",\"@id\":\"https:\/\/restaurantprovence.sk\/?page_id=2537\",\"url\":\"https:\/\/restaurantprovence.sk\/?page_id=2537\",\"name\":\"Kde n\u00e1s n\u00e1jdete? - Restaurant Provence\",\"isPartOf\":{\"@id\":\"https:\/\/restaurantprovence.sk\/#website\"},\"datePublished\":\"2022-12-26T10:04:45+00:00\",\"dateModified\":\"2023-02-23T07:46:29+00:00\",\"breadcrumb\":{\"@id\":\"https:\/\/restaurantprovence.sk\/?page_id=2537#breadcrumb\"},\"inLanguage\":\"cs\",\"potentialAction\":[{\"@type\":\"ReadAction\",\"target\":[\"https:\/\/restaurantprovence.sk\/?page_id=2537\"]}]},{\"@type\":\"BreadcrumbList\",\"@id\":\"https:\/\/restaurantprovence.sk\/?page_id=2537#breadcrumb\",\"itemListElement\":[{\"@type\":\"ListItem\",\"position\":1,\"name\":\"Domovsk\u00e1 str\u00e1nka\",\"item\":\"https:\/\/restaurantprovence.sk\/\"},{\"@type\":\"ListItem\",\"position\":2,\"name\":\"Kde n\u00e1s n\u00e1jdete?\"}]},{\"@type\":\"WebSite\",\"@id\":\"https:\/\/restaurantprovence.sk\/#website\",\"url\":\"https:\/\/restaurantprovence.sk\/\",\"name\":\"Restaurant Provence\",\"description\":\"Web o restauraci Restaurant Provence, nach\u00e1zej\u00edc\u00ed se u Predmier. Odpo\u010d\u00edvadlo Predmier.\",\"publisher\":{\"@id\":\"https:\/\/restaurantprovence.sk\/#organization\"},\"potentialAction\":[{\"@type\":\"SearchAction\",\"target\":{\"@type\":\"EntryPoint\",\"urlTemplate\":\"https:\/\/restaurantprovence.sk\/?s={search_term_string}\"},\"query-input\":\"required name=search_term_string\"}],\"inLanguage\":\"cs\"},{\"@type\":\"Organization\",\"@id\":\"https:\/\/restaurantprovence.sk\/#organization\",\"name\":\"Restaurant Provence\",\"url\":\"https:\/\/restaurantprovence.sk\/\",\"logo\":{\"@type\":\"ImageObject\",\"inLanguage\":\"cs\",\"@id\":\"https:\/\/restaurantprovence.sk\/#\/schema\/logo\/image\/\",\"url\":\"https:\/\/restaurantprovence.sk\/wp-content\/uploads\/2023\/02\/logo.png\",\"contentUrl\":\"https:\/\/restaurantprovence.sk\/wp-content\/uploads\/2023\/02\/logo.png\",\"width\":767,\"height\":430,\"caption\":\"Restaurant Provence\"},\"image\":{\"@id\":\"https:\/\/restaurantprovence.sk\/#\/schema\/logo\/image\/\"}}]}<\/script>\n<!-- \/ Yoast SEO plugin. -->","yoast_head_json":{"title":"Kde n\u00e1s n\u00e1jdete? - Restaurant Provence","robots":{"index":"index","follow":"follow","max-snippet":"max-snippet:-1","max-image-preview":"max-image-preview:large","max-video-preview":"max-video-preview:-1"},"canonical":"https:\/\/restaurantprovence.sk\/?page_id=2537","og_locale":"cs_CZ","og_type":"article","og_title":"Kde n\u00e1s n\u00e1jdete? - Restaurant Provence","og_description":"Aktu\u00e1lne prev\u00e1dzkujeme dve rodinn\u00e9 re\u0161taur\u00e1cie na dia\u013enici D1 v\u00a0Predmieri v\u00a0oboch smeroch. RadiV\u00e1s priv\u00edtame v\u00a0\u00fatulnom prostred\u00ed s\u00a0n\u00e1dychom Provence. Miesto a trasu k\u00a0n\u00e1m v\u00e1m uk\u00e1\u017ee zobrazenie ni\u017e\u0161ie.","og_url":"https:\/\/restaurantprovence.sk\/?page_id=2537","og_site_name":"Restaurant Provence","article_modified_time":"2023-02-23T07:46:29+00:00","twitter_card":"summary_large_image","twitter_misc":{"Odhadovan\u00e1 doba \u010dten\u00ed":"1 minuta"},"schema":{"@context":"https:\/\/schema.org","@graph":[{"@type":"WebPage","@id":"https:\/\/restaurantprovence.sk\/?page_id=2537","url":"https:\/\/restaurantprovence.sk\/?page_id=2537","name":"Kde n\u00e1s n\u00e1jdete? - Restaurant Provence","isPartOf":{"@id":"https:\/\/restaurantprovence.sk\/#website"},"datePublished":"2022-12-26T10:04:45+00:00","dateModified":"2023-02-23T07:46:29+00:00","breadcrumb":{"@id":"https:\/\/restaurantprovence.sk\/?page_id=2537#breadcrumb"},"inLanguage":"cs","potentialAction":[{"@type":"ReadAction","target":["https:\/\/restaurantprovence.sk\/?page_id=2537"]}]},{"@type":"BreadcrumbList","@id":"https:\/\/restaurantprovence.sk\/?page_id=2537#breadcrumb","itemListElement":[{"@type":"ListItem","position":1,"name":"Domovsk\u00e1 str\u00e1nka","item":"https:\/\/restaurantprovence.sk\/"},{"@type":"ListItem","position":2,"name":"Kde n\u00e1s n\u00e1jdete?"}]},{"@type":"WebSite","@id":"https:\/\/restaurantprovence.sk\/#website","url":"https:\/\/restaurantprovence.sk\/","name":"Restaurant Provence","description":"Web o restauraci Restaurant Provence, nach\u00e1zej\u00edc\u00ed se u Predmier. Odpo\u010d\u00edvadlo Predmier.","publisher":{"@id":"https:\/\/restaurantprovence.sk\/#organization"},"potentialAction":[{"@type":"SearchAction","target":{"@type":"EntryPoint","urlTemplate":"https:\/\/restaurantprovence.sk\/?s={search_term_string}"},"query-input":"required name=search_term_string"}],"inLanguage":"cs"},{"@type":"Organization","@id":"https:\/\/restaurantprovence.sk\/#organization","name":"Restaurant Provence","url":"https:\/\/restaurantprovence.sk\/","logo":{"@type":"ImageObject","inLanguage":"cs","@id":"https:\/\/restaurantprovence.sk\/#\/schema\/logo\/image\/","url":"https:\/\/restaurantprovence.sk\/wp-content\/uploads\/2023\/02\/logo.png","contentUrl":"https:\/\/restaurantprovence.sk\/wp-content\/uploads\/2023\/02\/logo.png","width":767,"height":430,"caption":"Restaurant Provence"},"image":{"@id":"https:\/\/restaurantprovence.sk\/#\/schema\/logo\/image\/"}}]}},"_links":{"self":[{"href":"https:\/\/restaurantprovence.sk\/index.php?rest_route=\/wp\/v2\/pages\/2537"}],"collection":[{"href":"https:\/\/restaurantprovence.sk\/index.php?rest_route=\/wp\/v2\/pages"}],"about":[{"href":"https:\/\/restaurantprovence.sk\/index.php?rest_route=\/wp\/v2\/types\/page"}],"author":[{"embeddable":true,"href":"https:\/\/restaurantprovence.sk\/index.php?rest_route=\/wp\/v2\/users\/1"}],"replies":[{"embeddable":true,"href":"https:\/\/restaurantprovence.sk\/index.php?rest_route=%2Fwp%2Fv2%2Fcomments&post=2537"}],"version-history":[{"count":18,"href":"https:\/\/restaurantprovence.sk\/index.php?rest_route=\/wp\/v2\/pages\/2537\/revisions"}],"predecessor-version":[{"id":2705,"href":"https:\/\/restaurantprovence.sk\/index.php?rest_route=\/wp\/v2\/pages\/2537\/revisions\/2705"}],"wp:attachment":[{"href":"https:\/\/restaurantprovence.sk\/index.php?rest_route=%2Fwp%2Fv2%2Fmedia&parent=2537"}],"curies":[{"name":"wp","href":"https:\/\/api.w.org\/{rel}","templated":true}]}}