{"id":13,"date":"2023-02-22T18:48:16","date_gmt":"2023-02-22T17:48:16","guid":{"rendered":"https:\/\/pronto-wp.com\/?page_id=13"},"modified":"2023-02-22T18:48:17","modified_gmt":"2023-02-22T17:48:17","slug":"home","status":"publish","type":"page","link":"https:\/\/restaurantprovence.sk\/","title":{"rendered":"Home"},"content":{"rendered":"","protected":false},"excerpt":{"rendered":"","protected":false},"author":1,"featured_media":0,"parent":0,"menu_order":0,"comment_status":"closed","ping_status":"closed","template":"","meta":[],"yoast_head":"<!-- This site is optimized with the Yoast SEO plugin v19.14 - https:\/\/yoast.com\/wordpress\/plugins\/seo\/ -->\n<title>Home - Restaurant Provence<\/title>\n<meta name=\"robots\" content=\"index, follow, max-snippet:-1, max-image-preview:large, max-video-preview:-1\" \/>\n<link rel=\"canonical\" href=\"https:\/\/restaurantprovence.sk\/\" \/>\n<meta property=\"og:locale\" content=\"cs_CZ\" \/>\n<meta property=\"og:type\" content=\"article\" \/>\n<meta property=\"og:title\" content=\"Home - Restaurant Provence\" \/>\n<meta property=\"og:url\" content=\"https:\/\/restaurantprovence.sk\/\" \/>\n<meta property=\"og:site_name\" content=\"Restaurant Provence\" \/>\n<meta property=\"article:modified_time\" content=\"2023-02-22T17:48:17+00:00\" \/>\n<meta name=\"twitter:card\" content=\"summary_large_image\" \/>\n<script type=\"application\/ld+json\" class=\"yoast-schema-graph\">{\"@context\":\"https:\/\/schema.org\",\"@graph\":[{\"@type\":\"WebPage\",\"@id\":\"https:\/\/restaurantprovence.sk\/\",\"url\":\"https:\/\/restaurantprovence.sk\/\",\"name\":\"Home - Restaurant Provence\",\"isPartOf\":{\"@id\":\"https:\/\/restaurantprovence.sk\/#website\"},\"datePublished\":\"2023-02-22T17:48:16+00:00\",\"dateModified\":\"2023-02-22T17:48:17+00:00\",\"breadcrumb\":{\"@id\":\"https:\/\/restaurantprovence.sk\/#breadcrumb\"},\"inLanguage\":\"cs\",\"potentialAction\":[{\"@type\":\"ReadAction\",\"target\":[\"https:\/\/restaurantprovence.sk\/\"]}]},{\"@type\":\"BreadcrumbList\",\"@id\":\"https:\/\/restaurantprovence.sk\/#breadcrumb\",\"itemListElement\":[{\"@type\":\"ListItem\",\"position\":1,\"name\":\"Domovsk\u00e1 str\u00e1nka\",\"item\":\"https:\/\/restaurantprovence.sk\/\"},{\"@type\":\"ListItem\",\"position\":2,\"name\":\"Home\"}]},{\"@type\":\"WebSite\",\"@id\":\"https:\/\/restaurantprovence.sk\/#website\",\"url\":\"https:\/\/restaurantprovence.sk\/\",\"name\":\"Restaurant Provence\",\"description\":\"Web o restauraci Restaurant Provence, nach\u00e1zej\u00edc\u00ed se u Predmier. Odpo\u010d\u00edvadlo Predmier.\",\"publisher\":{\"@id\":\"https:\/\/restaurantprovence.sk\/#organization\"},\"potentialAction\":[{\"@type\":\"SearchAction\",\"target\":{\"@type\":\"EntryPoint\",\"urlTemplate\":\"https:\/\/restaurantprovence.sk\/?s={search_term_string}\"},\"query-input\":\"required name=search_term_string\"}],\"inLanguage\":\"cs\"},{\"@type\":\"Organization\",\"@id\":\"https:\/\/restaurantprovence.sk\/#organization\",\"name\":\"Restaurant Provence\",\"url\":\"https:\/\/restaurantprovence.sk\/\",\"logo\":{\"@type\":\"ImageObject\",\"inLanguage\":\"cs\",\"@id\":\"https:\/\/restaurantprovence.sk\/#\/schema\/logo\/image\/\",\"url\":\"https:\/\/restaurantprovence.sk\/wp-content\/uploads\/2023\/02\/logo.png\",\"contentUrl\":\"https:\/\/restaurantprovence.sk\/wp-content\/uploads\/2023\/02\/logo.png\",\"width\":767,\"height\":430,\"caption\":\"Restaurant Provence\"},\"image\":{\"@id\":\"https:\/\/restaurantprovence.sk\/#\/schema\/logo\/image\/\"}}]}<\/script>\n<!-- \/ Yoast SEO plugin. -->","yoast_head_json":{"title":"Home - Restaurant Provence","robots":{"index":"index","follow":"follow","max-snippet":"max-snippet:-1","max-image-preview":"max-image-preview:large","max-video-preview":"max-video-preview:-1"},"canonical":"https:\/\/restaurantprovence.sk\/","og_locale":"cs_CZ","og_type":"article","og_title":"Home - Restaurant Provence","og_url":"https:\/\/restaurantprovence.sk\/","og_site_name":"Restaurant Provence","article_modified_time":"2023-02-22T17:48:17+00:00","twitter_card":"summary_large_image","schema":{"@context":"https:\/\/schema.org","@graph":[{"@type":"WebPage","@id":"https:\/\/restaurantprovence.sk\/","url":"https:\/\/restaurantprovence.sk\/","name":"Home - Restaurant Provence","isPartOf":{"@id":"https:\/\/restaurantprovence.sk\/#website"},"datePublished":"2023-02-22T17:48:16+00:00","dateModified":"2023-02-22T17:48:17+00:00","breadcrumb":{"@id":"https:\/\/restaurantprovence.sk\/#breadcrumb"},"inLanguage":"cs","potentialAction":[{"@type":"ReadAction","target":["https:\/\/restaurantprovence.sk\/"]}]},{"@type":"BreadcrumbList","@id":"https:\/\/restaurantprovence.sk\/#breadcrumb","itemListElement":[{"@type":"ListItem","position":1,"name":"Domovsk\u00e1 str\u00e1nka","item":"https:\/\/restaurantprovence.sk\/"},{"@type":"ListItem","position":2,"name":"Home"}]},{"@type":"WebSite","@id":"https:\/\/restaurantprovence.sk\/#website","url":"https:\/\/restaurantprovence.sk\/","name":"Restaurant Provence","description":"Web o restauraci Restaurant Provence, nach\u00e1zej\u00edc\u00ed se u Predmier. Odpo\u010d\u00edvadlo Predmier.","publisher":{"@id":"https:\/\/restaurantprovence.sk\/#organization"},"potentialAction":[{"@type":"SearchAction","target":{"@type":"EntryPoint","urlTemplate":"https:\/\/restaurantprovence.sk\/?s={search_term_string}"},"query-input":"required name=search_term_string"}],"inLanguage":"cs"},{"@type":"Organization","@id":"https:\/\/restaurantprovence.sk\/#organization","name":"Restaurant Provence","url":"https:\/\/restaurantprovence.sk\/","logo":{"@type":"ImageObject","inLanguage":"cs","@id":"https:\/\/restaurantprovence.sk\/#\/schema\/logo\/image\/","url":"https:\/\/restaurantprovence.sk\/wp-content\/uploads\/2023\/02\/logo.png","contentUrl":"https:\/\/restaurantprovence.sk\/wp-content\/uploads\/2023\/02\/logo.png","width":767,"height":430,"caption":"Restaurant Provence"},"image":{"@id":"https:\/\/restaurantprovence.sk\/#\/schema\/logo\/image\/"}}]}},"_links":{"self":[{"href":"https:\/\/restaurantprovence.sk\/index.php?rest_route=\/wp\/v2\/pages\/13"}],"collection":[{"href":"https:\/\/restaurantprovence.sk\/index.php?rest_route=\/wp\/v2\/pages"}],"about":[{"href":"https:\/\/restaurantprovence.sk\/index.php?rest_route=\/wp\/v2\/types\/page"}],"author":[{"embeddable":true,"href":"https:\/\/restaurantprovence.sk\/index.php?rest_route=\/wp\/v2\/users\/1"}],"replies":[{"embeddable":true,"href":"https:\/\/restaurantprovence.sk\/index.php?rest_route=%2Fwp%2Fv2%2Fcomments&post=13"}],"version-history":[{"count":1,"href":"https:\/\/restaurantprovence.sk\/index.php?rest_route=\/wp\/v2\/pages\/13\/revisions"}],"predecessor-version":[{"id":2703,"href":"https:\/\/restaurantprovence.sk\/index.php?rest_route=\/wp\/v2\/pages\/13\/revisions\/2703"}],"wp:attachment":[{"href":"https:\/\/restaurantprovence.sk\/index.php?rest_route=%2Fwp%2Fv2%2Fmedia&parent=13"}],"curies":[{"name":"wp","href":"https:\/\/api.w.org\/{rel}","templated":true}]}}